{"id":86,"date":"2025-08-25T07:00:15","date_gmt":"2025-08-25T07:00:15","guid":{"rendered":"http:\/\/laboix-demo.local\/?page_id=86"},"modified":"2025-10-16T22:02:58","modified_gmt":"2025-10-16T22:02:58","slug":"servicos","status":"publish","type":"page","link":"https:\/\/projeto101.doi2versos.com.br\/index.php\/servicos\/","title":{"rendered":"Servi\u00e7os"},"content":{"rendered":"\t\t<div data-elementor-type=\"wp-page\" data-elementor-id=\"86\" class=\"elementor elementor-86\" data-elementor-post-type=\"page\">\n\t\t\t\t<div class=\"elementor-element elementor-element-fa0c87a e-con-full e-flex e-con e-parent\" data-id=\"fa0c87a\" data-element_type=\"container\">\n\t\t\t\t<div class=\"elementor-element elementor-element-6827455 elementor-widget elementor-widget-laboix-service\" data-id=\"6827455\" data-element_type=\"widget\" data-widget_type=\"laboix-service.default\">\n\t\t\t\t<div class=\"elementor-widget-container\">\n\t\t\t\t\t    \r\n    <section class=\"service-page\">\r\n        <div class=\"container\">\r\n            <div class=\"row gutter-y-30\">\r\n                                    <div class=\"col-md-6 col-lg-4\">\r\n                        <div class=\"service-card wow fadeInUp\" data-wow-duration='1500ms' data-wow-delay='000ms'>\r\n                            <div class=\"service-card__inner\">\r\n                                <div class=\"service-card__top\">\r\n                                    <h3 class=\"service-card__title\">\r\n                                        <a href=\"https:\/\/projeto101.doi2versos.com.br\/index.php\/traducao-tecnica-e-juramentada\/\" >Tradu\u00e7\u00e3o T\u00e9cnica e Juramentada<\/a>\r\n                                    <\/h3><!-- \/.service-card-four__title -->\r\n                                    <div class=\"service-card__icon\">\r\n                                                                            <\/div>\r\n                                <\/div>\r\n                                <div class=\"service-card__thumb\">\r\n                                    <div class=\"service-card__thumb__item\">\r\n                                        <img decoding=\"async\" src=\"https:\/\/projeto101.doi2versos.com.br\/wp-content\/uploads\/2025\/09\/1-3.png\" alt=\"1\" title=\"1\" >                                    <\/div>\r\n                                    <div class=\"service-card__thumb__shape\">\r\n                                        <img decoding=\"async\" src=\"https:\/\/projeto101.doi2versos.com.br\/wp-content\/uploads\/2024\/04\/shape-service.png\" alt=\"shape-service\" title=\"shape-service\" >                                    <\/div>\r\n                                <\/div>\r\n                            <\/div>\r\n                        <\/div>\r\n                    <\/div><!-- \/.col-md-6 col-lg-4 -->\r\n                                    <div class=\"col-md-6 col-lg-4\">\r\n                        <div class=\"service-card wow fadeInUp\" data-wow-duration='1500ms' data-wow-delay='000ms'>\r\n                            <div class=\"service-card__inner\">\r\n                                <div class=\"service-card__top\">\r\n                                    <h3 class=\"service-card__title\">\r\n                                        <a href=\"https:\/\/projeto101.doi2versos.com.br\/index.php\/busca-de-certidoes\/\" >Busca de Certid\u00f5es<\/a>\r\n                                    <\/h3><!-- \/.service-card-four__title -->\r\n                                    <div class=\"service-card__icon\">\r\n                                                                            <\/div>\r\n                                <\/div>\r\n                                <div class=\"service-card__thumb\">\r\n                                    <div class=\"service-card__thumb__item\">\r\n                                        <img decoding=\"async\" src=\"https:\/\/projeto101.doi2versos.com.br\/wp-content\/uploads\/2025\/09\/2-3.png\" alt=\"2\" title=\"2\" >                                    <\/div>\r\n                                    <div class=\"service-card__thumb__shape\">\r\n                                        <img decoding=\"async\" src=\"https:\/\/projeto101.doi2versos.com.br\/wp-content\/uploads\/2024\/04\/shape-service.png\" alt=\"shape-service\" title=\"shape-service\" >                                    <\/div>\r\n                                <\/div>\r\n                            <\/div>\r\n                        <\/div>\r\n                    <\/div><!-- \/.col-md-6 col-lg-4 -->\r\n                                    <div class=\"col-md-6 col-lg-4\">\r\n                        <div class=\"service-card wow fadeInUp\" data-wow-duration='1500ms' data-wow-delay='000ms'>\r\n                            <div class=\"service-card__inner\">\r\n                                <div class=\"service-card__top\">\r\n                                    <h3 class=\"service-card__title\">\r\n                                        <a href=\"https:\/\/projeto101.doi2versos.com.br\/index.php\/emissao-de-certidoes\/\" >Emiss\u00e3o de Certid\u00f5es<\/a>\r\n                                    <\/h3><!-- \/.service-card-four__title -->\r\n                                    <div class=\"service-card__icon\">\r\n                                                                            <\/div>\r\n                                <\/div>\r\n                                <div class=\"service-card__thumb\">\r\n                                    <div class=\"service-card__thumb__item\">\r\n                                        <img decoding=\"async\" src=\"https:\/\/projeto101.doi2versos.com.br\/wp-content\/uploads\/2025\/09\/3-2.png\" alt=\"3\" title=\"3\" >                                    <\/div>\r\n                                    <div class=\"service-card__thumb__shape\">\r\n                                        <img decoding=\"async\" src=\"https:\/\/projeto101.doi2versos.com.br\/wp-content\/uploads\/2024\/04\/shape-service.png\" alt=\"shape-service\" title=\"shape-service\" >                                    <\/div>\r\n                                <\/div>\r\n                            <\/div>\r\n                        <\/div>\r\n                    <\/div><!-- \/.col-md-6 col-lg-4 -->\r\n                                    <div class=\"col-md-6 col-lg-4\">\r\n                        <div class=\"service-card wow fadeInUp\" data-wow-duration='1500ms' data-wow-delay='000ms'>\r\n                            <div class=\"service-card__inner\">\r\n                                <div class=\"service-card__top\">\r\n                                    <h3 class=\"service-card__title\">\r\n                                        <a href=\"https:\/\/projeto101.doi2versos.com.br\/index.php\/apostilamento-de-haia\/\" >Apostilamento de Haia<\/a>\r\n                                    <\/h3><!-- \/.service-card-four__title -->\r\n                                    <div class=\"service-card__icon\">\r\n                                                                            <\/div>\r\n                                <\/div>\r\n                                <div class=\"service-card__thumb\">\r\n                                    <div class=\"service-card__thumb__item\">\r\n                                        <img decoding=\"async\" src=\"https:\/\/projeto101.doi2versos.com.br\/wp-content\/uploads\/2025\/09\/4-2.png\" alt=\"4\" title=\"4\" >                                    <\/div>\r\n                                    <div class=\"service-card__thumb__shape\">\r\n                                        <img decoding=\"async\" src=\"https:\/\/projeto101.doi2versos.com.br\/wp-content\/uploads\/2024\/04\/shape-service.png\" alt=\"shape-service\" title=\"shape-service\" >                                    <\/div>\r\n                                <\/div>\r\n                            <\/div>\r\n                        <\/div>\r\n                    <\/div><!-- \/.col-md-6 col-lg-4 -->\r\n                            <\/div><!-- \/.row -->\r\n        <\/div><!-- \/.container -->\r\n    <\/section><!-- \/.service-page -->\r\n\r\n\t\t\t\t<\/div>\n\t\t\t\t<\/div>\n\t\t\t\t<\/div>\n\t\t\t\t<\/div>\n\t\t","protected":false},"excerpt":{"rendered":"<p>Tradu\u00e7\u00e3o T\u00e9cnica e Juramentada Busca de Certid\u00f5es Emiss\u00e3o de Certid\u00f5es Apostilamento de Haia<\/p>\n","protected":false},"author":1,"featured_media":0,"parent":0,"menu_order":0,"comment_status":"closed","ping_status":"closed","template":"elementor_header_footer","meta":{"footnotes":""},"class_list":["post-86","page","type-page","status-publish","hentry"],"_links":{"self":[{"href":"https:\/\/projeto101.doi2versos.com.br\/index.php\/wp-json\/wp\/v2\/pages\/86","targetHints":{"allow":["GET"]}}],"collection":[{"href":"https:\/\/projeto101.doi2versos.com.br\/index.php\/wp-json\/wp\/v2\/pages"}],"about":[{"href":"https:\/\/projeto101.doi2versos.com.br\/index.php\/wp-json\/wp\/v2\/types\/page"}],"author":[{"embeddable":true,"href":"https:\/\/projeto101.doi2versos.com.br\/index.php\/wp-json\/wp\/v2\/users\/1"}],"replies":[{"embeddable":true,"href":"https:\/\/projeto101.doi2versos.com.br\/index.php\/wp-json\/wp\/v2\/comments?post=86"}],"version-history":[{"count":29,"href":"https:\/\/projeto101.doi2versos.com.br\/index.php\/wp-json\/wp\/v2\/pages\/86\/revisions"}],"predecessor-version":[{"id":3019,"href":"https:\/\/projeto101.doi2versos.com.br\/index.php\/wp-json\/wp\/v2\/pages\/86\/revisions\/3019"}],"wp:attachment":[{"href":"https:\/\/projeto101.doi2versos.com.br\/index.php\/wp-json\/wp\/v2\/media?parent=86"}],"curies":[{"name":"wp","href":"https:\/\/api.w.org\/{rel}","templated":true}]}}